{"id":320,"date":"2025-09-03T02:41:16","date_gmt":"2025-09-03T02:41:16","guid":{"rendered":"https:\/\/cac.sytaaa.com\/?post_type=product&#038;p=320"},"modified":"2026-02-28T16:06:08","modified_gmt":"2026-02-28T16:06:08","slug":"order-now","status":"publish","type":"product","link":"https:\/\/chuanghuicraft.com\/pt\/produto\/order-now\/","title":{"rendered":"Encomendar agora"},"content":{"rendered":"<ol>\n<li style=\"font-weight: 400;\">Conjunto de cabo coaxial RF 18GHz L73P1-SMM0SMM0-1000<br \/>\n2. Fase est\u00e1vel de baixa perda<br \/>\n3. Efic\u00e1cia\/flexibilidade de blindagem superior<\/li>\n<\/ol>\n<p style=\"font-weight: 400;\">\u00a0\u00a0\u00a0\u00a0SMA macho reto para SMA macho reto com cabo flex\u00edvel de 7,9 mm 18GHz<\/p>\n<p style=\"font-weight: 400;\">------ L73P1-SMM0SMM0-1000 Conjunto de cabo coaxial RF ------<\/p>\n<p style=\"font-weight: 400;\">\u00a0<strong>Desempenho-chave:<\/strong><\/p>\n<table width=\"383\">\n<tbody>\n<tr>\n<td width=\"273\">Tipo de cabo<\/td>\n<td width=\"109\">73P1<\/td>\n<\/tr>\n<tr>\n<td>Frequ\u00eancia de funcionamento (GHz)<\/td>\n<td>18<\/td>\n<\/tr>\n<tr>\n<td>Imped\u00e2ncia (Ohm)<\/td>\n<td>50<\/td>\n<\/tr>\n<tr>\n<td>Di\u00e2metro do revestimento (mm)<\/td>\n<td>7.9<\/td>\n<\/tr>\n<tr>\n<td>Materiais de isolamento<\/td>\n<td>LD PTFE<\/td>\n<\/tr>\n<tr>\n<td>Raio de curvatura est\u00e1tico m\u00ednimo (mm)<\/td>\n<td>76<\/td>\n<\/tr>\n<tr>\n<td>Mudan\u00e7a de fase versus temperatura (-55\u00b0C~+85\u00b0C) (PPM)<\/td>\n<td>1200PPM<\/td>\n<\/tr>\n<tr>\n<td>Blindagem (dB@1GHz)<\/td>\n<td>\u226590<\/td>\n<\/tr>\n<tr>\n<td>Temperatura de funcionamento (\u00b0C)<\/td>\n<td>-55~+125<\/td>\n<\/tr>\n<\/tbody>\n<\/table>\n<p style=\"font-weight: 400;\"><strong>Atenua\u00e7\u00e3o e capacidade de manuseamento de pot\u00eancia do cabo versus frequ\u00eancia:<\/strong><\/p>\n<table width=\"492\">\n<tbody>\n<tr>\n<td width=\"236\">Frequ\u00eancia (GHz)<\/td>\n<td width=\"150\">Atenua\u00e7\u00e3o (dB\/m)<\/td>\n<td width=\"105\">Pot\u00eancia de manuseamento (W)<\/td>\n<\/tr>\n<tr>\n<td>1<\/td>\n<td>0.23<\/td>\n<td>1200<\/td>\n<\/tr>\n<tr>\n<td>18<\/td>\n<td>0.78<\/td>\n<td>387<\/td>\n<\/tr>\n<\/tbody>\n<\/table>","protected":false},"excerpt":{"rendered":"<p>1. conjunto de cabo coaxial RF 18GHz L73P1-SMM0SMM0-1000<br \/>\n2. fase est\u00e1vel de baixa perda<br \/>\n3.Efic\u00e1cia\/flexibilidade de blindagem superior<\/p>","protected":false},"featured_media":65,"comment_status":"open","ping_status":"closed","template":"","meta":{"_kad_post_transparent":"default","_kad_post_title":"","_kad_post_layout":"default","_kad_post_sidebar_id":"","_kad_post_content_style":"default","_kad_post_vertical_padding":"default","_kad_post_feature":"","_kad_post_feature_position":"","_kad_post_header":false,"_kad_post_footer":false},"product_brand":[],"product_cat":[22],"product_tag":[],"class_list":{"0":"post-320","1":"product","2":"type-product","3":"status-publish","4":"has-post-thumbnail","6":"product_cat-service","8":"first","9":"instock","10":"shipping-taxable","11":"purchasable","12":"product-type-simple","13":"entry","14":"content-bg","15":"loop-entry"},"_links":{"self":[{"href":"https:\/\/chuanghuicraft.com\/pt\/wp-json\/wp\/v2\/product\/320","targetHints":{"allow":["GET"]}}],"collection":[{"href":"https:\/\/chuanghuicraft.com\/pt\/wp-json\/wp\/v2\/product"}],"about":[{"href":"https:\/\/chuanghuicraft.com\/pt\/wp-json\/wp\/v2\/types\/product"}],"replies":[{"embeddable":true,"href":"https:\/\/chuanghuicraft.com\/pt\/wp-json\/wp\/v2\/comments?post=320"}],"version-history":[{"count":0,"href":"https:\/\/chuanghuicraft.com\/pt\/wp-json\/wp\/v2\/product\/320\/revisions"}],"wp:featuredmedia":[{"embeddable":true,"href":"https:\/\/chuanghuicraft.com\/pt\/wp-json\/wp\/v2\/media\/65"}],"wp:attachment":[{"href":"https:\/\/chuanghuicraft.com\/pt\/wp-json\/wp\/v2\/media?parent=320"}],"wp:term":[{"taxonomy":"product_brand","embeddable":true,"href":"https:\/\/chuanghuicraft.com\/pt\/wp-json\/wp\/v2\/product_brand?post=320"},{"taxonomy":"product_cat","embeddable":true,"href":"https:\/\/chuanghuicraft.com\/pt\/wp-json\/wp\/v2\/product_cat?post=320"},{"taxonomy":"product_tag","embeddable":true,"href":"https:\/\/chuanghuicraft.com\/pt\/wp-json\/wp\/v2\/product_tag?post=320"}],"curies":[{"name":"wp","href":"https:\/\/api.w.org\/{rel}","templated":true}]}}